{"id":94,"date":"2018-07-02T09:53:20","date_gmt":"2018-07-02T07:53:20","guid":{"rendered":"http:\/\/www.club-pinkygirls.de\/?page_id=94"},"modified":"2024-04-02T15:50:25","modified_gmt":"2024-04-02T13:50:25","slug":"service-preise","status":"publish","type":"page","link":"https:\/\/pinky-lounge.de\/?page_id=94","title":{"rendered":"Service &#038; Preise"},"content":{"rendered":"<h2 style=\"text-align: center;\"><span style=\"color: #ffffff;\">Preise<\/span><\/h2>\n<p style=\"text-align: center;\">Alle angegebenen Serviceleistungen finden ausschlie\u00dflich unter Absprache mit den Damen statt,<br \/>\ndie jeweiligen Serviceangebote finden Sie auf den Setcards der Damen.<br \/>\nSie erwartet ein unvergessliches Erlebnis der besonderen Art mit exklusivem Mega Service!<br \/>\nViele Service-Punkte im Preis inkl.! Auch alkoholische und soft Getr\u00e4nke.<br \/>\nDiskrete Parkpl\u00e4tze.<\/p>\n<p>&nbsp;<\/p>\n<p style=\"text-align: center;\">Liebe Gentlemen, wir bieten Ihnen den 1 A Mega Service!<\/p>\n<p style=\"text-align: center;\">Paare? Auch in diesem Bereich sind unsere Damen engagiert. Sex zu dritt mal ausprobieren!<\/p>\n<h2 style=\"text-align: left;\"><span style=\"color: #ffffff;\">Service<\/span><\/h2>\n<h2 style=\"text-align: left;\"><\/h2>\n<p style=\"text-align: left;\">Hier findest Du eine Auswahl des Service, der von unseren Frauen angeboten wird. Gerne kannst Du uns fragen, ob Deine Favoritin den Service Deiner Wahl anbietet.<\/p>\n<p style=\"text-align: left;\">Unser Service l\u00e4sst kaum W\u00fcnsche offen:<br \/>\n<strong>allg. erotische Massage<\/strong> &#8211; <em>zur Einstimmung auf unsere gemeinsame erotische Zeit werden Dich meine zarten H\u00e4nde streicheln und massieren.<\/em><br \/>\n<strong>Analmassage bei ihm<\/strong> &#8211; <em>ich verw\u00f6hne Deinen Anus oder Deine Prostata mit dem Finger oder Dildo ausgiebig.<\/em><br \/>\n<strong>Anus lecken bei ihr<\/strong> &#8211; <em>mit Deiner flinken Zunge umspielst Du z\u00e4rtlich oder wild meine Hintert\u00fcr und leckst mich sanft an meiner hinteren Pforte.<\/em><br \/>\n<strong>Bade- und Duschservice<\/strong> &#8211; <em>prickelnde Erotik bei einer gemeinsamen Dusche oder einem gemeinsamen Bad, bei dem wir uns gegenseitig einseifen.<\/em><br \/>\n<strong>Body-to-Body<\/strong> &#8211; <em>mit meinem gesamten K\u00f6rper massiere ich Deinen K\u00f6rper.<\/em><br \/>\n<strong>Brustwarzenspielchen bei ihr<\/strong> &#8211; <em>errege mich, indem Du mit meinen Brustwarzen spielst.<\/em><br \/>\n<strong>Brustwarzenspielchen bei ihm<\/strong> &#8211; <em>m\u00f6chtest Du gern, dass ich mit Deinen Brustwarzen spiele?<\/em><\/p>\n<p><strong>Dildospiele bei ihr<\/strong> &#8211; <em>um Dich mehr anzuheizen, verw\u00f6hne ich mich gerne selber oder Du mich vaginal mit meinem Dildo oder meinem Vibrator.<\/em><br \/>\n<strong>Dildospiele bei ihm<\/strong> &#8211; <em>mit einem Dildo werde ich ein wenig an Deinem Anus spielen.<\/em><br \/>\n<strong>Eierlecken<\/strong> &#8211; <em>ich verw\u00f6hne nicht nur Dein bestes St\u00fcck mit der Zunge, sondern auch Deinen Sack.<\/em><br \/>\n<strong>Eierlecken auf Anfrage<\/strong> &#8211; <em>w\u00fcrdest Du gern von mir Deine rasierten Hoden geleckt bekommen?<\/em><br \/>\n<strong>extra langes Vorspiel<\/strong> &#8211; <em>nehmen wir uns doch etwas mehr Zeit f\u00fcr unser Vorspiel, es muss ja nicht immer gleich zur Sache gehen.<\/em><br \/>\n<strong>Facesitting<\/strong> &#8211; <em>mit meinem Intimbereich und Schenkeln umschlie\u00dfe ich Dein Gesicht fest und \u00fcbe gro\u00dfen Druck aus, so dass Dir, im wahrsten Sinne des Wortes, die Luft wegbleibt.<\/em><br \/>\n<strong>Fesselspielchen bei ihm<\/strong> &#8211; <em>so richtig ausgeliefert sein, ohne sich wehren zu k\u00f6nnen. Ob mit Handschellen oder Seilen, Du hast keine Chance zu entfliehen.<\/em><br \/>\n<strong>Fetischspielchen<\/strong> &#8211;<em> lebe Deinen Fetisch mit mir aus.<\/em><br \/>\n<strong>Fingeranal bei ihm<\/strong> &#8211;<em> ich verw\u00f6hne ausgiebig Deinen Anus oder Deine Prostata mit meinem Finger.<\/em><br \/>\n<strong>flotter Dreier &#8211; 2 Frauen<\/strong> &#8211; <em>Du kannst mich und meine Freundin zusammen verw\u00f6hnen. Nat\u00fcrlich verw\u00f6hnen wir Dich auch zusammen!<\/em><br \/>\n<strong>Fingerspiele<\/strong> &#8211; <em>ich m\u00f6chte, dass Du mit deinen Fingern in meine Vagina eindringst und mich hei\u00df machst.<\/em><br \/>\n<strong>Franz\u00f6sisch<\/strong> &#8211; <em>meine Zunge und mein Mund werden Deinem Penis gr\u00f6\u00dftes Vergn\u00fcgen bereiten. Aber nur mit Kondom.<\/em><br \/>\n<strong>Franz\u00f6sisch bei ihr<\/strong> &#8211; <em>ich m\u00f6chte, dass Du meine Vagina leckst und sie mit Deiner Zunge verw\u00f6hnst.<\/em><br \/>\n<strong>Franz\u00f6sisch beidseitig<\/strong> &#8211; <em>ich m\u00f6chte, dass Du meine Vagina leckst, w\u00e4hrend ich Deinen Penis mit meinem Mund, meiner Zunge und meinen Lippen stimuliere.<\/em><br \/>\n<strong>Fu\u00df- und Schuherotik<\/strong> &#8211; <em>k\u00fcsse meine F\u00fc\u00dfe, lecke sie und schmusen mit ihnen. Anschlie\u00dfend spielen meine F\u00fc\u00dfe mit Deinem besten St\u00fcck bis Du Deinen Saft \u00fcber meine F\u00fc\u00dfe ergie\u00dft.<\/em><br \/>\n<strong>Ganzk\u00f6rper<\/strong> &#8211; <em>bei einer Ganzk\u00f6rpermassage kannst Du v\u00f6llig entspannen und abschalten.<\/em><br \/>\n<strong>Girlfriendsex<\/strong> &#8211; <em>mit mir zusammen erlebst Du Sex wie mit einer Geliebten.<\/em><br \/>\n<strong>Handentspannung<\/strong> &#8211; <em>m\u00f6chtest Du durch die Z\u00e4rtlichkeit meiner H\u00e4nde an Deinem Penis zum Abschluss kommen? Ich kann aber auch h\u00e4rter zupacken.<\/em><br \/>\n<strong>Intimmassage<\/strong> &#8211; <em>genie\u00dfe eine erregende Massage Deiner Genitalien durch meine sanften H\u00e4nde.<\/em><br \/>\n<strong>K\u00f6rperbesamung bei ihr<\/strong> &#8211;<em> hast Du Lust Deinen Saft auf meinen K\u00f6rper zu ergie\u00dfen und zu verteilen?<\/em><br \/>\n<strong>K\u00f6rperk\u00fcsse<\/strong> &#8211; <em>ich werde Deinen K\u00f6rper mit sanften K\u00fcssen erregen.<\/em><br \/>\n<strong>leichte Erziehung<\/strong> &#8211; <em>eine strenge Erziehung ist manchmal notwendig, um einen b\u00f6sen Buben wie Dich zu b\u00e4ndigen.<\/em><br \/>\n<strong>Masturbation<\/strong> &#8211; <em>schau mir zu und genie\u00dfe es, wie ich mich bis zum H\u00f6hepunkt stimuliere und befriedige.<\/em><br \/>\n<strong>Outfit<\/strong> &#8211; <em>f\u00fcr Dich ziehe ich gerne ein hei\u00dfes Outfit an: Kellnerin, Krankenschwester, Polizistin, Gefangene, Schulm\u00e4dchen, Sekret\u00e4rin, Sexy Kitty, Nonne.<\/em><br \/>\n<strong>privater Empfang<\/strong> &#8211; <em>ich empfange Dich in Deinem Wunschoutfit ganz pers\u00f6nlich an der T\u00fcr.<\/em><br \/>\n<strong>Rollenspiele<\/strong> &#8211; <em>wie w\u00e4re es, wenn Du in die Rolle eines Arztes schl\u00fcpfen w\u00fcrdest und ich w\u00e4re Deine hei\u00dfe Patientin?<\/em><br \/>\n<em>Oder Du bist mein Lehrer und ich Deine unartige Sch\u00fclerin. Das macht mich jetzt schon ganz wild.<\/em><br \/>\n<strong>Schmusen, Kuscheln<\/strong> &#8211;<em> wie wunderbar sinnlich dieses Gef\u00fchl doch ist, wenn wir miteinander kuscheln.<\/em><br \/>\n<strong>Spanisch<\/strong> &#8211;<em> Du m\u00f6chtest Dein bestes St\u00fcck in einem gro\u00dfen, vollen Busen sp\u00fcren, ihn reiben und Dich anschlie\u00dfend auf ihm entspannen.<\/em><br \/>\n<strong>Striptease<\/strong> &#8211; <em>Bei meinen hei\u00dfen H\u00fcftschw\u00fcngen gleiten die Kleider langsam von meinem K\u00f6rper herab.<\/em><br \/>\n<strong>sanfte Schl\u00e4ge<\/strong> &#8211; <em>Du m\u00f6chtest sanft geschlagen werden? Den Wunsch erf\u00fclle ich Dir gern.<\/em><br \/>\n<strong>Verbalerotik<\/strong> &#8211; <em>mit anst\u00f6\u00dfigen Worten werden wir uns gegenseitig erregen.<\/em><br \/>\n<strong>Zungenk\u00fcsse<\/strong> &#8211; <em>genie\u00dfe unsere innigen K\u00fcsse, bei dem unsere Zungen wild miteinander spielen.<\/em><\/p>\n<h2 style=\"text-align: left;\"><span style=\"color: #ffffff;\">Spezial Service<\/span><\/h2>\n<p style=\"text-align: left;\">Unser spezial Service ist noch umfangreicher:<\/p>\n<p style=\"text-align: left;\"><strong>Analverkehr<\/strong> &#8211; <em>ich mag es auch, wenn Du mir Dein bestes St\u00fcck hinten hineinschiebst.<\/em><br \/>\n<strong>Anus lecken bei ihm<\/strong> &#8211; <em>mit meiner geilen Zunge umspiele ich z\u00e4rtlich oder wild Deine Hintert\u00fcr und lecke Dich sanft an Deiner hinteren Pforte.<\/em><br \/>\n<strong>Deep Throat<\/strong> &#8211; <em>schiebe mir Dein bestes St\u00fcck so tief wie m\u00f6glich in den Mund.<\/em><br \/>\n<strong>Domina<\/strong> &#8211; <em>(lat. Domina = Herrin) aus der SM-Szene, eine herrische Frau, die durch Unterdr\u00fcckung und Erniedrigung anderen Personen sexuelle Lust, bis hin zum Orgasmus bereitet.<\/em><br \/>\n<strong>Fesselspielchen bei ih<\/strong>r &#8211; <em>so richtig ausgeliefert sein, ohne mich wehren zu k\u00f6nnen. Ob mit Handschellen oder Seilen gefesselt, ich habe keine Chance zu entfliehen.<\/em><br \/>\n<strong>Fisting (anal) bei ihm<\/strong> &#8211; <em>ich stecke meine Hand oder Deinen Arm tief in Deinen Anus und massiere Dich.<\/em><br \/>\n<span style=\"font-size: 1em;\"><strong>Gesichtsbesamung bei ihr<\/strong> &#8211; <em>nachdem Du Dich von mir hast oral verw\u00f6hnen lassen, spritzt Du mir Deinen Saft ins Gesicht.<\/em><\/span><br \/>\n<strong>Kaviar bei ihm<\/strong> &#8211; <em>ich werde Dir auf Deinen K\u00f6rper koten oder wohin Du es auch haben magst.<\/em><br \/>\n<strong>Lack und Leder<\/strong> &#8211; <em>wie erregend es ist, wenn sich Lack- und Lederklamotten hauteng am K\u00f6rper anschmiegen.<\/em><br \/>\n<strong>Lesboshow \/ Duo<\/strong> &#8211;<em> hei\u00dfe Zeit zu dritt. Die Frauen k\u00fcssen, streicheln und lecken sich, w\u00e4hrend Du aktiv oder passiv am Geschehen teilnimmst.<\/em><br \/>\n<strong>Lesbenshow mit P\u00e4rchen<\/strong> &#8211; <em>hei\u00dfe Zeit zu dritt. Die Frauen k\u00fcssen, streicheln und lecken sich, w\u00e4hrend Du aktiv oder passiv am Geschehen teilnimmst.<\/em><br \/>\n<strong>Natursekt bei ihm<\/strong> &#8211; <em>nach einem aufreizenden Vorspiel m\u00f6chtest Du meinen Sekt der Natur auf Deiner Haut oder in Deinem Mund sp\u00fcren.<\/em><br \/>\n<strong>Natursekt bei ihr<\/strong> &#8211; <em>nach einem aufreizenden Vorspiel m\u00f6chtest Du Deinen Sekt der Natur auf meinen K\u00f6rper ergie\u00dfen.<\/em><br \/>\n<strong>Umschnaldildo<\/strong> &#8211; <em>mit dem Umschnalldildo sto\u00dfe ich ganz tief in Deinen Anus rein.<\/em><\/p>\n","protected":false},"excerpt":{"rendered":"<p>Preise Alle angegebenen Serviceleistungen finden ausschlie\u00dflich unter Absprache mit den Damen statt, die jeweiligen Serviceangebote finden Sie auf den Setcards der Damen. Sie erwartet ein unvergessliches Erlebnis der besonderen Art mit exklusivem Mega Service! Viele Service-Punkte im Preis inkl.! Auch alkoholische und soft Getr\u00e4nke. Diskrete Parkpl\u00e4tze. &nbsp; Liebe Gentlemen, wir bieten Ihnen den 1 A [&hellip;]<\/p>\n","protected":false},"author":1,"featured_media":0,"parent":0,"menu_order":0,"comment_status":"closed","ping_status":"closed","template":"","meta":{"footnotes":""},"class_list":["post-94","page","type-page","status-publish","hentry"],"yoast_head":"<!-- This site is optimized with the Yoast SEO plugin v27.3 - https:\/\/yoast.com\/product\/yoast-seo-wordpress\/ -->\n<title>Service &amp; Preise - Pinky Lounge<\/title>\n<meta name=\"robots\" content=\"index, follow, max-snippet:-1, max-image-preview:large, max-video-preview:-1\" \/>\n<link rel=\"canonical\" href=\"https:\/\/pinky-lounge.de\/?page_id=94\" \/>\n<meta property=\"og:locale\" content=\"de_DE\" \/>\n<meta property=\"og:type\" content=\"article\" \/>\n<meta property=\"og:title\" content=\"Service &amp; Preise - Pinky Lounge\" \/>\n<meta property=\"og:description\" content=\"Preise Alle angegebenen Serviceleistungen finden ausschlie\u00dflich unter Absprache mit den Damen statt, die jeweiligen Serviceangebote finden Sie auf den Setcards der Damen. Sie erwartet ein unvergessliches Erlebnis der besonderen Art mit exklusivem Mega Service! Viele Service-Punkte im Preis inkl.! Auch alkoholische und soft Getr\u00e4nke. Diskrete Parkpl\u00e4tze. &nbsp; Liebe Gentlemen, wir bieten Ihnen den 1 A [&hellip;]\" \/>\n<meta property=\"og:url\" content=\"https:\/\/pinky-lounge.de\/?page_id=94\" \/>\n<meta property=\"og:site_name\" content=\"Pinky Lounge\" \/>\n<meta property=\"article:modified_time\" content=\"2024-04-02T13:50:25+00:00\" \/>\n<meta name=\"twitter:card\" content=\"summary_large_image\" \/>\n<meta name=\"twitter:label1\" content=\"Gesch\u00e4tzte Lesezeit\" \/>\n\t<meta name=\"twitter:data1\" content=\"6\u00a0Minuten\" \/>\n<script type=\"application\/ld+json\" class=\"yoast-schema-graph\">{\"@context\":\"https:\\\/\\\/schema.org\",\"@graph\":[{\"@type\":\"WebPage\",\"@id\":\"https:\\\/\\\/pinky-lounge.de\\\/?page_id=94\",\"url\":\"https:\\\/\\\/pinky-lounge.de\\\/?page_id=94\",\"name\":\"Service & Preise - Pinky Lounge\",\"isPartOf\":{\"@id\":\"https:\\\/\\\/pinky-lounge.de\\\/#website\"},\"datePublished\":\"2018-07-02T07:53:20+00:00\",\"dateModified\":\"2024-04-02T13:50:25+00:00\",\"breadcrumb\":{\"@id\":\"https:\\\/\\\/pinky-lounge.de\\\/?page_id=94#breadcrumb\"},\"inLanguage\":\"de\",\"potentialAction\":[{\"@type\":\"ReadAction\",\"target\":[\"https:\\\/\\\/pinky-lounge.de\\\/?page_id=94\"]}]},{\"@type\":\"BreadcrumbList\",\"@id\":\"https:\\\/\\\/pinky-lounge.de\\\/?page_id=94#breadcrumb\",\"itemListElement\":[{\"@type\":\"ListItem\",\"position\":1,\"name\":\"Startseite\",\"item\":\"https:\\\/\\\/pinky-lounge.de\\\/\"},{\"@type\":\"ListItem\",\"position\":2,\"name\":\"Service &#038; Preise\"}]},{\"@type\":\"WebSite\",\"@id\":\"https:\\\/\\\/pinky-lounge.de\\\/#website\",\"url\":\"https:\\\/\\\/pinky-lounge.de\\\/\",\"name\":\"Pinky Lounge\",\"description\":\"\",\"potentialAction\":[{\"@type\":\"SearchAction\",\"target\":{\"@type\":\"EntryPoint\",\"urlTemplate\":\"https:\\\/\\\/pinky-lounge.de\\\/?s={search_term_string}\"},\"query-input\":{\"@type\":\"PropertyValueSpecification\",\"valueRequired\":true,\"valueName\":\"search_term_string\"}}],\"inLanguage\":\"de\"}]}<\/script>\n<!-- \/ Yoast SEO plugin. -->","yoast_head_json":{"title":"Service & Preise - Pinky Lounge","robots":{"index":"index","follow":"follow","max-snippet":"max-snippet:-1","max-image-preview":"max-image-preview:large","max-video-preview":"max-video-preview:-1"},"canonical":"https:\/\/pinky-lounge.de\/?page_id=94","og_locale":"de_DE","og_type":"article","og_title":"Service & Preise - Pinky Lounge","og_description":"Preise Alle angegebenen Serviceleistungen finden ausschlie\u00dflich unter Absprache mit den Damen statt, die jeweiligen Serviceangebote finden Sie auf den Setcards der Damen. Sie erwartet ein unvergessliches Erlebnis der besonderen Art mit exklusivem Mega Service! Viele Service-Punkte im Preis inkl.! Auch alkoholische und soft Getr\u00e4nke. Diskrete Parkpl\u00e4tze. &nbsp; Liebe Gentlemen, wir bieten Ihnen den 1 A [&hellip;]","og_url":"https:\/\/pinky-lounge.de\/?page_id=94","og_site_name":"Pinky Lounge","article_modified_time":"2024-04-02T13:50:25+00:00","twitter_card":"summary_large_image","twitter_misc":{"Gesch\u00e4tzte Lesezeit":"6\u00a0Minuten"},"schema":{"@context":"https:\/\/schema.org","@graph":[{"@type":"WebPage","@id":"https:\/\/pinky-lounge.de\/?page_id=94","url":"https:\/\/pinky-lounge.de\/?page_id=94","name":"Service & Preise - Pinky Lounge","isPartOf":{"@id":"https:\/\/pinky-lounge.de\/#website"},"datePublished":"2018-07-02T07:53:20+00:00","dateModified":"2024-04-02T13:50:25+00:00","breadcrumb":{"@id":"https:\/\/pinky-lounge.de\/?page_id=94#breadcrumb"},"inLanguage":"de","potentialAction":[{"@type":"ReadAction","target":["https:\/\/pinky-lounge.de\/?page_id=94"]}]},{"@type":"BreadcrumbList","@id":"https:\/\/pinky-lounge.de\/?page_id=94#breadcrumb","itemListElement":[{"@type":"ListItem","position":1,"name":"Startseite","item":"https:\/\/pinky-lounge.de\/"},{"@type":"ListItem","position":2,"name":"Service &#038; Preise"}]},{"@type":"WebSite","@id":"https:\/\/pinky-lounge.de\/#website","url":"https:\/\/pinky-lounge.de\/","name":"Pinky Lounge","description":"","potentialAction":[{"@type":"SearchAction","target":{"@type":"EntryPoint","urlTemplate":"https:\/\/pinky-lounge.de\/?s={search_term_string}"},"query-input":{"@type":"PropertyValueSpecification","valueRequired":true,"valueName":"search_term_string"}}],"inLanguage":"de"}]}},"_links":{"self":[{"href":"https:\/\/pinky-lounge.de\/index.php?rest_route=\/wp\/v2\/pages\/94","targetHints":{"allow":["GET"]}}],"collection":[{"href":"https:\/\/pinky-lounge.de\/index.php?rest_route=\/wp\/v2\/pages"}],"about":[{"href":"https:\/\/pinky-lounge.de\/index.php?rest_route=\/wp\/v2\/types\/page"}],"author":[{"embeddable":true,"href":"https:\/\/pinky-lounge.de\/index.php?rest_route=\/wp\/v2\/users\/1"}],"replies":[{"embeddable":true,"href":"https:\/\/pinky-lounge.de\/index.php?rest_route=%2Fwp%2Fv2%2Fcomments&post=94"}],"version-history":[{"count":18,"href":"https:\/\/pinky-lounge.de\/index.php?rest_route=\/wp\/v2\/pages\/94\/revisions"}],"predecessor-version":[{"id":6290,"href":"https:\/\/pinky-lounge.de\/index.php?rest_route=\/wp\/v2\/pages\/94\/revisions\/6290"}],"wp:attachment":[{"href":"https:\/\/pinky-lounge.de\/index.php?rest_route=%2Fwp%2Fv2%2Fmedia&parent=94"}],"curies":[{"name":"wp","href":"https:\/\/api.w.org\/{rel}","templated":true}]}}