{"id":7613,"date":"2024-10-16T21:06:29","date_gmt":"2024-10-16T19:06:29","guid":{"rendered":"https:\/\/pinky-lounge.de\/?page_id=7613"},"modified":"2025-03-07T11:56:19","modified_gmt":"2025-03-07T10:56:19","slug":"ania-neu","status":"publish","type":"page","link":"https:\/\/pinky-lounge.de\/?page_id=7613","title":{"rendered":"Ania"},"content":{"rendered":"<p><div class='content-column one_third'>Name: <strong>Ania<\/strong><br \/>\nAlter: 34 Jahre Alt<br \/>\nGr\u00f6\u00dfe: 167<br \/>\nKonfektion: 38<br \/>\nOberweite: 85 DD<br \/>\nHaarfarbe und L\u00e4nge: Blond und Lang<br \/>\nHaut: Mittel<br \/>\nHerkunftsland: Litauen<br \/>\nSprachen: Deutsch, Englisch, Russisch, T\u00fcrkisch, Rum\u00e4nisch<br \/>\nIntimbehaarung: rasiert<\/p>\n<div><\/div><\/div>\n<div><\/div>\n<div>\n<div class='content-column one_third'><div><strong>Service<\/strong>:<br \/>\nGF6 Girl friend sex<br \/>\nGeschlechtsverkehr versch.Stellungen<br \/>\nHandetspannung<br \/>\nFranz\u00f6sisch bei ihm\/beiderseits<br \/>\nStellung 69<br \/>\nk\u00fcssen<br \/>\nK\u00f6rperk\u00fcsseviele Z\u00e4rtlichkeit<br \/>\nwild, gerne etwas h\u00e4rter<br \/>\nextra langes Vorspiel<br \/>\nmehrmals zum H\u00f6hepunkt kommen<br \/>\nschmusen und kuscheln<br \/>\nDessous<br \/>\nStrapse<br \/>\nStiefel<br \/>\nHigh Heels\u00d6l und Handmassage<br \/>\nBody-to-Body Massage<br \/>\nallgemeine erotische Massage<br \/>\nPomassage<\/div><\/div>\n<div class='content-column one_third'><div><\/div>\n<div><u><strong>Extra Service<\/strong><\/u><\/div>\n<\/div>\n<p>Striptease<br \/>\nMasturbation<br \/>\nBV Spanisch<br \/>\nK\u00f6rperbesamung<br \/>\nGesichtsbesamung<br \/>\nFu\u00dferotik<br \/>\nFingerspiele bei ihr\/bei ihm<br \/>\nDuschspa\u00df<br \/>\nFlotter Dreier (MFF)<br \/>\nExtra langes Vorspiel<br \/>\nVerbalerotik<\/p>\n<div dir=\"ltr\"><\/div>\n<p><span style=\"font-size: large;\"><\/div><\/span><\/p>\n<div><div class='content-column full_width'><div style=\"padding:15px 15px 15px 15px;\"><\/div><\/div><\/div>\n<div><\/div>\n<div><img loading=\"lazy\" decoding=\"async\" class=\"size-medium wp-image-7626 alignleft\" src=\"https:\/\/pinky-lounge.de\/wp-content\/uploads\/2024\/10\/IMG-20241015-WA0008-200x300.jpg\" alt=\"\" width=\"200\" height=\"300\" srcset=\"https:\/\/pinky-lounge.de\/wp-content\/uploads\/2024\/10\/IMG-20241015-WA0008-200x300.jpg 200w, https:\/\/pinky-lounge.de\/wp-content\/uploads\/2024\/10\/IMG-20241015-WA0008-683x1024.jpg 683w, https:\/\/pinky-lounge.de\/wp-content\/uploads\/2024\/10\/IMG-20241015-WA0008-768x1152.jpg 768w, https:\/\/pinky-lounge.de\/wp-content\/uploads\/2024\/10\/IMG-20241015-WA0008.jpg 912w\" sizes=\"auto, (max-width: 200px) 100vw, 200px\" \/> <img loading=\"lazy\" decoding=\"async\" class=\"size-medium wp-image-7625 alignleft\" src=\"https:\/\/pinky-lounge.de\/wp-content\/uploads\/2024\/10\/IMG-20241015-WA0007-200x300.jpg\" alt=\"\" width=\"200\" height=\"300\" srcset=\"https:\/\/pinky-lounge.de\/wp-content\/uploads\/2024\/10\/IMG-20241015-WA0007-200x300.jpg 200w, https:\/\/pinky-lounge.de\/wp-content\/uploads\/2024\/10\/IMG-20241015-WA0007-682x1024.jpg 682w, https:\/\/pinky-lounge.de\/wp-content\/uploads\/2024\/10\/IMG-20241015-WA0007-768x1153.jpg 768w, https:\/\/pinky-lounge.de\/wp-content\/uploads\/2024\/10\/IMG-20241015-WA0007-1023x1536.jpg 1023w, https:\/\/pinky-lounge.de\/wp-content\/uploads\/2024\/10\/IMG-20241015-WA0007.jpg 1066w\" sizes=\"auto, (max-width: 200px) 100vw, 200px\" \/> <img loading=\"lazy\" decoding=\"async\" class=\"size-medium wp-image-7624 alignleft\" src=\"https:\/\/pinky-lounge.de\/wp-content\/uploads\/2024\/10\/IMG-20241015-WA0006-200x300.jpg\" alt=\"\" width=\"200\" height=\"300\" srcset=\"https:\/\/pinky-lounge.de\/wp-content\/uploads\/2024\/10\/IMG-20241015-WA0006-200x300.jpg 200w, https:\/\/pinky-lounge.de\/wp-content\/uploads\/2024\/10\/IMG-20241015-WA0006-683x1024.jpg 683w, https:\/\/pinky-lounge.de\/wp-content\/uploads\/2024\/10\/IMG-20241015-WA0006-768x1152.jpg 768w, https:\/\/pinky-lounge.de\/wp-content\/uploads\/2024\/10\/IMG-20241015-WA0006-1024x1536.jpg 1024w, https:\/\/pinky-lounge.de\/wp-content\/uploads\/2024\/10\/IMG-20241015-WA0006.jpg 1365w\" sizes=\"auto, (max-width: 200px) 100vw, 200px\" \/> <img loading=\"lazy\" decoding=\"async\" class=\"size-medium wp-image-7623 alignleft\" src=\"https:\/\/pinky-lounge.de\/wp-content\/uploads\/2024\/10\/IMG-20241015-WA0005-200x300.jpg\" alt=\"\" width=\"200\" height=\"300\" srcset=\"https:\/\/pinky-lounge.de\/wp-content\/uploads\/2024\/10\/IMG-20241015-WA0005-200x300.jpg 200w, https:\/\/pinky-lounge.de\/wp-content\/uploads\/2024\/10\/IMG-20241015-WA0005-682x1024.jpg 682w, https:\/\/pinky-lounge.de\/wp-content\/uploads\/2024\/10\/IMG-20241015-WA0005-768x1152.jpg 768w, https:\/\/pinky-lounge.de\/wp-content\/uploads\/2024\/10\/IMG-20241015-WA0005.jpg 873w\" sizes=\"auto, (max-width: 200px) 100vw, 200px\" \/> <img loading=\"lazy\" decoding=\"async\" class=\"size-medium wp-image-7622 alignleft\" src=\"https:\/\/pinky-lounge.de\/wp-content\/uploads\/2024\/10\/IMG-20241015-WA0004-200x300.jpg\" alt=\"\" width=\"200\" height=\"300\" srcset=\"https:\/\/pinky-lounge.de\/wp-content\/uploads\/2024\/10\/IMG-20241015-WA0004-200x300.jpg 200w, https:\/\/pinky-lounge.de\/wp-content\/uploads\/2024\/10\/IMG-20241015-WA0004-683x1024.jpg 683w, https:\/\/pinky-lounge.de\/wp-content\/uploads\/2024\/10\/IMG-20241015-WA0004-768x1152.jpg 768w, https:\/\/pinky-lounge.de\/wp-content\/uploads\/2024\/10\/IMG-20241015-WA0004.jpg 899w\" sizes=\"auto, (max-width: 200px) 100vw, 200px\" \/> <img loading=\"lazy\" decoding=\"async\" class=\"size-medium wp-image-7621 alignleft\" src=\"https:\/\/pinky-lounge.de\/wp-content\/uploads\/2024\/10\/IMG-20241015-WA0003-200x300.jpg\" alt=\"\" width=\"200\" height=\"300\" srcset=\"https:\/\/pinky-lounge.de\/wp-content\/uploads\/2024\/10\/IMG-20241015-WA0003-200x300.jpg 200w, https:\/\/pinky-lounge.de\/wp-content\/uploads\/2024\/10\/IMG-20241015-WA0003-683x1024.jpg 683w, https:\/\/pinky-lounge.de\/wp-content\/uploads\/2024\/10\/IMG-20241015-WA0003-768x1152.jpg 768w, https:\/\/pinky-lounge.de\/wp-content\/uploads\/2024\/10\/IMG-20241015-WA0003.jpg 912w\" sizes=\"auto, (max-width: 200px) 100vw, 200px\" \/> <img loading=\"lazy\" decoding=\"async\" class=\"size-medium wp-image-7620 alignleft\" src=\"https:\/\/pinky-lounge.de\/wp-content\/uploads\/2024\/10\/IMG-20241015-WA0002-200x300.jpg\" alt=\"\" width=\"200\" height=\"300\" srcset=\"https:\/\/pinky-lounge.de\/wp-content\/uploads\/2024\/10\/IMG-20241015-WA0002-200x300.jpg 200w, https:\/\/pinky-lounge.de\/wp-content\/uploads\/2024\/10\/IMG-20241015-WA0002-683x1024.jpg 683w, https:\/\/pinky-lounge.de\/wp-content\/uploads\/2024\/10\/IMG-20241015-WA0002-768x1152.jpg 768w, https:\/\/pinky-lounge.de\/wp-content\/uploads\/2024\/10\/IMG-20241015-WA0002.jpg 892w\" sizes=\"auto, (max-width: 200px) 100vw, 200px\" \/><\/div>\n","protected":false},"excerpt":{"rendered":"","protected":false},"author":3,"featured_media":0,"parent":0,"menu_order":0,"comment_status":"closed","ping_status":"closed","template":"","meta":{"footnotes":""},"class_list":["post-7613","page","type-page","status-publish","hentry"],"yoast_head":"<!-- This site is optimized with the Yoast SEO plugin v27.4 - https:\/\/yoast.com\/product\/yoast-seo-wordpress\/ -->\n<title>Ania - Pinky Lounge<\/title>\n<meta name=\"robots\" content=\"index, follow, max-snippet:-1, max-image-preview:large, max-video-preview:-1\" \/>\n<link rel=\"canonical\" href=\"https:\/\/pinky-lounge.de\/?page_id=7613\" \/>\n<meta property=\"og:locale\" content=\"de_DE\" \/>\n<meta property=\"og:type\" content=\"article\" \/>\n<meta property=\"og:title\" content=\"Ania - Pinky Lounge\" \/>\n<meta property=\"og:url\" content=\"https:\/\/pinky-lounge.de\/?page_id=7613\" \/>\n<meta property=\"og:site_name\" content=\"Pinky Lounge\" \/>\n<meta property=\"article:modified_time\" content=\"2025-03-07T10:56:19+00:00\" \/>\n<meta property=\"og:image\" content=\"https:\/\/pinky-lounge.de\/wp-content\/uploads\/2024\/10\/IMG-20241015-WA0008.jpg\" \/>\n\t<meta property=\"og:image:width\" content=\"912\" \/>\n\t<meta property=\"og:image:height\" content=\"1368\" \/>\n\t<meta property=\"og:image:type\" content=\"image\/jpeg\" \/>\n<meta name=\"twitter:card\" content=\"summary_large_image\" \/>\n<meta name=\"twitter:label1\" content=\"Gesch\u00e4tzte Lesezeit\" \/>\n\t<meta name=\"twitter:data1\" content=\"2\u00a0Minuten\" \/>\n<script type=\"application\/ld+json\" class=\"yoast-schema-graph\">{\"@context\":\"https:\\\/\\\/schema.org\",\"@graph\":[{\"@type\":\"WebPage\",\"@id\":\"https:\\\/\\\/pinky-lounge.de\\\/?page_id=7613\",\"url\":\"https:\\\/\\\/pinky-lounge.de\\\/?page_id=7613\",\"name\":\"Ania - Pinky Lounge\",\"isPartOf\":{\"@id\":\"https:\\\/\\\/pinky-lounge.de\\\/#website\"},\"primaryImageOfPage\":{\"@id\":\"https:\\\/\\\/pinky-lounge.de\\\/?page_id=7613#primaryimage\"},\"image\":{\"@id\":\"https:\\\/\\\/pinky-lounge.de\\\/?page_id=7613#primaryimage\"},\"thumbnailUrl\":\"https:\\\/\\\/pinky-lounge.de\\\/wp-content\\\/uploads\\\/2024\\\/10\\\/IMG-20241015-WA0008-200x300.jpg\",\"datePublished\":\"2024-10-16T19:06:29+00:00\",\"dateModified\":\"2025-03-07T10:56:19+00:00\",\"breadcrumb\":{\"@id\":\"https:\\\/\\\/pinky-lounge.de\\\/?page_id=7613#breadcrumb\"},\"inLanguage\":\"de\",\"potentialAction\":[{\"@type\":\"ReadAction\",\"target\":[\"https:\\\/\\\/pinky-lounge.de\\\/?page_id=7613\"]}]},{\"@type\":\"ImageObject\",\"inLanguage\":\"de\",\"@id\":\"https:\\\/\\\/pinky-lounge.de\\\/?page_id=7613#primaryimage\",\"url\":\"https:\\\/\\\/pinky-lounge.de\\\/wp-content\\\/uploads\\\/2024\\\/10\\\/IMG-20241015-WA0008.jpg\",\"contentUrl\":\"https:\\\/\\\/pinky-lounge.de\\\/wp-content\\\/uploads\\\/2024\\\/10\\\/IMG-20241015-WA0008.jpg\",\"width\":912,\"height\":1368},{\"@type\":\"BreadcrumbList\",\"@id\":\"https:\\\/\\\/pinky-lounge.de\\\/?page_id=7613#breadcrumb\",\"itemListElement\":[{\"@type\":\"ListItem\",\"position\":1,\"name\":\"Startseite\",\"item\":\"https:\\\/\\\/pinky-lounge.de\\\/\"},{\"@type\":\"ListItem\",\"position\":2,\"name\":\"Ania\"}]},{\"@type\":\"WebSite\",\"@id\":\"https:\\\/\\\/pinky-lounge.de\\\/#website\",\"url\":\"https:\\\/\\\/pinky-lounge.de\\\/\",\"name\":\"Pinky Lounge\",\"description\":\"\",\"potentialAction\":[{\"@type\":\"SearchAction\",\"target\":{\"@type\":\"EntryPoint\",\"urlTemplate\":\"https:\\\/\\\/pinky-lounge.de\\\/?s={search_term_string}\"},\"query-input\":{\"@type\":\"PropertyValueSpecification\",\"valueRequired\":true,\"valueName\":\"search_term_string\"}}],\"inLanguage\":\"de\"}]}<\/script>\n<!-- \/ Yoast SEO plugin. -->","yoast_head_json":{"title":"Ania - Pinky Lounge","robots":{"index":"index","follow":"follow","max-snippet":"max-snippet:-1","max-image-preview":"max-image-preview:large","max-video-preview":"max-video-preview:-1"},"canonical":"https:\/\/pinky-lounge.de\/?page_id=7613","og_locale":"de_DE","og_type":"article","og_title":"Ania - Pinky Lounge","og_url":"https:\/\/pinky-lounge.de\/?page_id=7613","og_site_name":"Pinky Lounge","article_modified_time":"2025-03-07T10:56:19+00:00","og_image":[{"width":912,"height":1368,"url":"https:\/\/pinky-lounge.de\/wp-content\/uploads\/2024\/10\/IMG-20241015-WA0008.jpg","type":"image\/jpeg"}],"twitter_card":"summary_large_image","twitter_misc":{"Gesch\u00e4tzte Lesezeit":"2\u00a0Minuten"},"schema":{"@context":"https:\/\/schema.org","@graph":[{"@type":"WebPage","@id":"https:\/\/pinky-lounge.de\/?page_id=7613","url":"https:\/\/pinky-lounge.de\/?page_id=7613","name":"Ania - Pinky Lounge","isPartOf":{"@id":"https:\/\/pinky-lounge.de\/#website"},"primaryImageOfPage":{"@id":"https:\/\/pinky-lounge.de\/?page_id=7613#primaryimage"},"image":{"@id":"https:\/\/pinky-lounge.de\/?page_id=7613#primaryimage"},"thumbnailUrl":"https:\/\/pinky-lounge.de\/wp-content\/uploads\/2024\/10\/IMG-20241015-WA0008-200x300.jpg","datePublished":"2024-10-16T19:06:29+00:00","dateModified":"2025-03-07T10:56:19+00:00","breadcrumb":{"@id":"https:\/\/pinky-lounge.de\/?page_id=7613#breadcrumb"},"inLanguage":"de","potentialAction":[{"@type":"ReadAction","target":["https:\/\/pinky-lounge.de\/?page_id=7613"]}]},{"@type":"ImageObject","inLanguage":"de","@id":"https:\/\/pinky-lounge.de\/?page_id=7613#primaryimage","url":"https:\/\/pinky-lounge.de\/wp-content\/uploads\/2024\/10\/IMG-20241015-WA0008.jpg","contentUrl":"https:\/\/pinky-lounge.de\/wp-content\/uploads\/2024\/10\/IMG-20241015-WA0008.jpg","width":912,"height":1368},{"@type":"BreadcrumbList","@id":"https:\/\/pinky-lounge.de\/?page_id=7613#breadcrumb","itemListElement":[{"@type":"ListItem","position":1,"name":"Startseite","item":"https:\/\/pinky-lounge.de\/"},{"@type":"ListItem","position":2,"name":"Ania"}]},{"@type":"WebSite","@id":"https:\/\/pinky-lounge.de\/#website","url":"https:\/\/pinky-lounge.de\/","name":"Pinky Lounge","description":"","potentialAction":[{"@type":"SearchAction","target":{"@type":"EntryPoint","urlTemplate":"https:\/\/pinky-lounge.de\/?s={search_term_string}"},"query-input":{"@type":"PropertyValueSpecification","valueRequired":true,"valueName":"search_term_string"}}],"inLanguage":"de"}]}},"_links":{"self":[{"href":"https:\/\/pinky-lounge.de\/index.php?rest_route=\/wp\/v2\/pages\/7613","targetHints":{"allow":["GET"]}}],"collection":[{"href":"https:\/\/pinky-lounge.de\/index.php?rest_route=\/wp\/v2\/pages"}],"about":[{"href":"https:\/\/pinky-lounge.de\/index.php?rest_route=\/wp\/v2\/types\/page"}],"author":[{"embeddable":true,"href":"https:\/\/pinky-lounge.de\/index.php?rest_route=\/wp\/v2\/users\/3"}],"replies":[{"embeddable":true,"href":"https:\/\/pinky-lounge.de\/index.php?rest_route=%2Fwp%2Fv2%2Fcomments&post=7613"}],"version-history":[{"count":10,"href":"https:\/\/pinky-lounge.de\/index.php?rest_route=\/wp\/v2\/pages\/7613\/revisions"}],"predecessor-version":[{"id":7940,"href":"https:\/\/pinky-lounge.de\/index.php?rest_route=\/wp\/v2\/pages\/7613\/revisions\/7940"}],"wp:attachment":[{"href":"https:\/\/pinky-lounge.de\/index.php?rest_route=%2Fwp%2Fv2%2Fmedia&parent=7613"}],"curies":[{"name":"wp","href":"https:\/\/api.w.org\/{rel}","templated":true}]}}