{"id":7189,"date":"2024-08-03T14:16:40","date_gmt":"2024-08-03T12:16:40","guid":{"rendered":"https:\/\/pinky-lounge.de\/?page_id=7189"},"modified":"2026-02-20T13:13:08","modified_gmt":"2026-02-20T12:13:08","slug":"julia-3","status":"publish","type":"page","link":"https:\/\/pinky-lounge.de\/?page_id=7189","title":{"rendered":"Julia LV"},"content":{"rendered":"<p><div class='content-column one_third'>Name: <strong>Julia<\/strong><br \/>\nAlter: 32<br \/>\nGr\u00f6\u00dfe: 168<br \/>\nKF: 38<br \/>\nHaarfarbe: Dunkelblond<br \/>\nHaarl\u00e4nge: Lang<br \/>\nOW: 85B<br \/>\nHerkunft: Lettland<br \/>\nSprachen: Englisch, Russisch<br \/>\nFigur:\u00a0Sexy,<br \/>\nIntimbereich:\u00a0Rasiert<\/p>\n<div><\/div><\/div>\n<div><\/div>\n<div>\n<div class='content-column one_third'><div><u><strong>Mein Service:<\/strong><\/u><\/div>\n<p>GF6<br \/>\nGV<br \/>\nFranz.<br \/>\nFranz. bei Ihr<br \/>\nFranz. beidseitig<br \/>\nKBes<br \/>\nHandentspannung<br \/>\nFS<br \/>\nK\u00f6rperk\u00fcsse<br \/>\nSchmusen, Streicheln<br \/>\nErotische Massagen<br \/>\nVielseitiger Service<br \/>\nDessous, Straps<br \/>\nHigh Heels, Stiefel<br \/>\nBody-to-Body Massage<br \/>\nSonderw\u00fcnsche auf Anfrage<br \/>\nPo-Massagen<br \/>\nHod. Mass.<br \/>\nZart und Hart<br \/>\naktiv \/ passiver Service<br \/>\nOhne gro\u00dfen Zeitdruck<br \/>\nSehr z\u00e4rtlich<br \/>\nVielseitiger Service von A-Z<\/p>\n<\/div><\/div>\n<div><u><strong>Extra Service<\/strong><\/u><\/div>\n<div>Zungenk\u00fcssen<\/div>\n<div>K\u00f6rperbesamung<\/div>\n<div>EL<\/div>\n<div>Masturbation<\/div>\n<div>Dirty talk<\/div>\n<div>Face Sitting<\/div>\n<div>Lesbenshow mit L\u00fcba<br \/>\nSonderw\u00fcnsche auf Anfrage<br \/>\nBadespa\u00df\/Duschspa\u00df<br \/>\nService auf Anfrage<\/div>\n<p>&nbsp;<\/p>\n<div><div class='content-column full_width'><div style=\"padding:15px 15px 15px 15px;\"><\/div><\/div><\/div>\n<div><\/div>\n<div><\/div>\n<div><img loading=\"lazy\" decoding=\"async\" class=\"size-medium wp-image-8501 alignleft\" src=\"https:\/\/pinky-lounge.de\/wp-content\/uploads\/2025\/02\/IMG-20250203-WA0046-200x300.jpg\" alt=\"\" width=\"200\" height=\"300\" srcset=\"https:\/\/pinky-lounge.de\/wp-content\/uploads\/2025\/02\/IMG-20250203-WA0046-200x300.jpg 200w, https:\/\/pinky-lounge.de\/wp-content\/uploads\/2025\/02\/IMG-20250203-WA0046-683x1024.jpg 683w, https:\/\/pinky-lounge.de\/wp-content\/uploads\/2025\/02\/IMG-20250203-WA0046-768x1152.jpg 768w, https:\/\/pinky-lounge.de\/wp-content\/uploads\/2025\/02\/IMG-20250203-WA0046-1024x1536.jpg 1024w, https:\/\/pinky-lounge.de\/wp-content\/uploads\/2025\/02\/IMG-20250203-WA0046.jpg 1067w\" sizes=\"auto, (max-width: 200px) 100vw, 200px\" \/> <img loading=\"lazy\" decoding=\"async\" class=\"size-medium wp-image-8502 alignleft\" src=\"https:\/\/pinky-lounge.de\/wp-content\/uploads\/2025\/02\/IMG-20250203-WA0047-200x300.jpg\" alt=\"\" width=\"200\" height=\"300\" srcset=\"https:\/\/pinky-lounge.de\/wp-content\/uploads\/2025\/02\/IMG-20250203-WA0047-200x300.jpg 200w, https:\/\/pinky-lounge.de\/wp-content\/uploads\/2025\/02\/IMG-20250203-WA0047-683x1024.jpg 683w, https:\/\/pinky-lounge.de\/wp-content\/uploads\/2025\/02\/IMG-20250203-WA0047-768x1152.jpg 768w, https:\/\/pinky-lounge.de\/wp-content\/uploads\/2025\/02\/IMG-20250203-WA0047-1024x1536.jpg 1024w, https:\/\/pinky-lounge.de\/wp-content\/uploads\/2025\/02\/IMG-20250203-WA0047.jpg 1067w\" sizes=\"auto, (max-width: 200px) 100vw, 200px\" \/> <img loading=\"lazy\" decoding=\"async\" class=\"size-medium wp-image-8503 alignleft\" src=\"https:\/\/pinky-lounge.de\/wp-content\/uploads\/2025\/02\/IMG-20250203-WA0049-200x300.jpg\" alt=\"\" width=\"200\" height=\"300\" srcset=\"https:\/\/pinky-lounge.de\/wp-content\/uploads\/2025\/02\/IMG-20250203-WA0049-200x300.jpg 200w, https:\/\/pinky-lounge.de\/wp-content\/uploads\/2025\/02\/IMG-20250203-WA0049-683x1024.jpg 683w, https:\/\/pinky-lounge.de\/wp-content\/uploads\/2025\/02\/IMG-20250203-WA0049-768x1152.jpg 768w, https:\/\/pinky-lounge.de\/wp-content\/uploads\/2025\/02\/IMG-20250203-WA0049-1024x1536.jpg 1024w, https:\/\/pinky-lounge.de\/wp-content\/uploads\/2025\/02\/IMG-20250203-WA0049.jpg 1067w\" sizes=\"auto, (max-width: 200px) 100vw, 200px\" \/> <img loading=\"lazy\" decoding=\"async\" class=\"size-medium wp-image-8504 alignleft\" src=\"https:\/\/pinky-lounge.de\/wp-content\/uploads\/2025\/02\/IMG-20250203-WA0050-200x300.jpg\" alt=\"\" width=\"200\" height=\"300\" srcset=\"https:\/\/pinky-lounge.de\/wp-content\/uploads\/2025\/02\/IMG-20250203-WA0050-200x300.jpg 200w, https:\/\/pinky-lounge.de\/wp-content\/uploads\/2025\/02\/IMG-20250203-WA0050-683x1024.jpg 683w, https:\/\/pinky-lounge.de\/wp-content\/uploads\/2025\/02\/IMG-20250203-WA0050-768x1152.jpg 768w, https:\/\/pinky-lounge.de\/wp-content\/uploads\/2025\/02\/IMG-20250203-WA0050-1024x1536.jpg 1024w, https:\/\/pinky-lounge.de\/wp-content\/uploads\/2025\/02\/IMG-20250203-WA0050.jpg 1067w\" sizes=\"auto, (max-width: 200px) 100vw, 200px\" \/> <img loading=\"lazy\" decoding=\"async\" class=\"size-medium wp-image-8505 alignleft\" src=\"https:\/\/pinky-lounge.de\/wp-content\/uploads\/2025\/02\/IMG-20250203-WA0051-200x300.jpg\" alt=\"\" width=\"200\" height=\"300\" srcset=\"https:\/\/pinky-lounge.de\/wp-content\/uploads\/2025\/02\/IMG-20250203-WA0051-200x300.jpg 200w, https:\/\/pinky-lounge.de\/wp-content\/uploads\/2025\/02\/IMG-20250203-WA0051-683x1024.jpg 683w, https:\/\/pinky-lounge.de\/wp-content\/uploads\/2025\/02\/IMG-20250203-WA0051-768x1152.jpg 768w, https:\/\/pinky-lounge.de\/wp-content\/uploads\/2025\/02\/IMG-20250203-WA0051-1024x1536.jpg 1024w, https:\/\/pinky-lounge.de\/wp-content\/uploads\/2025\/02\/IMG-20250203-WA0051.jpg 1067w\" sizes=\"auto, (max-width: 200px) 100vw, 200px\" \/><\/div>\n<div><img loading=\"lazy\" decoding=\"async\" class=\"size-medium wp-image-8068 alignleft\" src=\"https:\/\/pinky-lounge.de\/wp-content\/uploads\/2024\/12\/IMG-20241217-WA0000-200x300.jpg\" alt=\"\" width=\"200\" height=\"300\" srcset=\"https:\/\/pinky-lounge.de\/wp-content\/uploads\/2024\/12\/IMG-20241217-WA0000-200x300.jpg 200w, https:\/\/pinky-lounge.de\/wp-content\/uploads\/2024\/12\/IMG-20241217-WA0000-684x1024.jpg 684w, https:\/\/pinky-lounge.de\/wp-content\/uploads\/2024\/12\/IMG-20241217-WA0000-768x1151.jpg 768w, https:\/\/pinky-lounge.de\/wp-content\/uploads\/2024\/12\/IMG-20241217-WA0000-1025x1536.jpg 1025w, https:\/\/pinky-lounge.de\/wp-content\/uploads\/2024\/12\/IMG-20241217-WA0000.jpg 1068w\" sizes=\"auto, (max-width: 200px) 100vw, 200px\" \/> <img loading=\"lazy\" decoding=\"async\" class=\"size-medium wp-image-8069 alignleft\" src=\"https:\/\/pinky-lounge.de\/wp-content\/uploads\/2024\/12\/IMG-20241217-WA0001-200x300.jpg\" alt=\"\" width=\"200\" height=\"300\" srcset=\"https:\/\/pinky-lounge.de\/wp-content\/uploads\/2024\/12\/IMG-20241217-WA0001-200x300.jpg 200w, https:\/\/pinky-lounge.de\/wp-content\/uploads\/2024\/12\/IMG-20241217-WA0001-684x1024.jpg 684w, https:\/\/pinky-lounge.de\/wp-content\/uploads\/2024\/12\/IMG-20241217-WA0001-768x1151.jpg 768w, https:\/\/pinky-lounge.de\/wp-content\/uploads\/2024\/12\/IMG-20241217-WA0001-1025x1536.jpg 1025w, https:\/\/pinky-lounge.de\/wp-content\/uploads\/2024\/12\/IMG-20241217-WA0001.jpg 1068w\" sizes=\"auto, (max-width: 200px) 100vw, 200px\" \/> <img loading=\"lazy\" decoding=\"async\" class=\"size-medium wp-image-8070 alignleft\" src=\"https:\/\/pinky-lounge.de\/wp-content\/uploads\/2024\/12\/IMG-20241217-WA0002-200x300.jpg\" alt=\"\" width=\"200\" height=\"300\" srcset=\"https:\/\/pinky-lounge.de\/wp-content\/uploads\/2024\/12\/IMG-20241217-WA0002-200x300.jpg 200w, https:\/\/pinky-lounge.de\/wp-content\/uploads\/2024\/12\/IMG-20241217-WA0002-684x1024.jpg 684w, https:\/\/pinky-lounge.de\/wp-content\/uploads\/2024\/12\/IMG-20241217-WA0002-768x1151.jpg 768w, https:\/\/pinky-lounge.de\/wp-content\/uploads\/2024\/12\/IMG-20241217-WA0002-1025x1536.jpg 1025w, https:\/\/pinky-lounge.de\/wp-content\/uploads\/2024\/12\/IMG-20241217-WA0002.jpg 1068w\" sizes=\"auto, (max-width: 200px) 100vw, 200px\" \/> <img loading=\"lazy\" decoding=\"async\" class=\"size-medium wp-image-8071 alignleft\" src=\"https:\/\/pinky-lounge.de\/wp-content\/uploads\/2024\/12\/IMG-20241217-WA0003-200x300.jpg\" alt=\"\" width=\"200\" height=\"300\" srcset=\"https:\/\/pinky-lounge.de\/wp-content\/uploads\/2024\/12\/IMG-20241217-WA0003-200x300.jpg 200w, https:\/\/pinky-lounge.de\/wp-content\/uploads\/2024\/12\/IMG-20241217-WA0003-684x1024.jpg 684w, https:\/\/pinky-lounge.de\/wp-content\/uploads\/2024\/12\/IMG-20241217-WA0003-768x1151.jpg 768w, https:\/\/pinky-lounge.de\/wp-content\/uploads\/2024\/12\/IMG-20241217-WA0003-1025x1536.jpg 1025w, https:\/\/pinky-lounge.de\/wp-content\/uploads\/2024\/12\/IMG-20241217-WA0003.jpg 1068w\" sizes=\"auto, (max-width: 200px) 100vw, 200px\" \/> <img loading=\"lazy\" decoding=\"async\" class=\"size-medium wp-image-8072 alignleft\" src=\"https:\/\/pinky-lounge.de\/wp-content\/uploads\/2024\/12\/IMG-20241217-WA0006-200x300.jpg\" alt=\"\" width=\"200\" height=\"300\" srcset=\"https:\/\/pinky-lounge.de\/wp-content\/uploads\/2024\/12\/IMG-20241217-WA0006-200x300.jpg 200w, https:\/\/pinky-lounge.de\/wp-content\/uploads\/2024\/12\/IMG-20241217-WA0006-684x1024.jpg 684w, https:\/\/pinky-lounge.de\/wp-content\/uploads\/2024\/12\/IMG-20241217-WA0006-768x1151.jpg 768w, https:\/\/pinky-lounge.de\/wp-content\/uploads\/2024\/12\/IMG-20241217-WA0006-1025x1536.jpg 1025w, https:\/\/pinky-lounge.de\/wp-content\/uploads\/2024\/12\/IMG-20241217-WA0006.jpg 1068w\" sizes=\"auto, (max-width: 200px) 100vw, 200px\" \/> <img loading=\"lazy\" decoding=\"async\" class=\"size-medium wp-image-8073 alignleft\" src=\"https:\/\/pinky-lounge.de\/wp-content\/uploads\/2024\/12\/IMG-20241217-WA0007-200x300.jpg\" alt=\"\" width=\"200\" height=\"300\" srcset=\"https:\/\/pinky-lounge.de\/wp-content\/uploads\/2024\/12\/IMG-20241217-WA0007-200x300.jpg 200w, https:\/\/pinky-lounge.de\/wp-content\/uploads\/2024\/12\/IMG-20241217-WA0007-684x1024.jpg 684w, https:\/\/pinky-lounge.de\/wp-content\/uploads\/2024\/12\/IMG-20241217-WA0007-768x1151.jpg 768w, https:\/\/pinky-lounge.de\/wp-content\/uploads\/2024\/12\/IMG-20241217-WA0007-1025x1536.jpg 1025w, https:\/\/pinky-lounge.de\/wp-content\/uploads\/2024\/12\/IMG-20241217-WA0007.jpg 1068w\" sizes=\"auto, (max-width: 200px) 100vw, 200px\" \/> <img loading=\"lazy\" decoding=\"async\" class=\"size-medium wp-image-8074 alignleft\" src=\"https:\/\/pinky-lounge.de\/wp-content\/uploads\/2024\/12\/IMG-20241217-WA0008-200x300.jpg\" alt=\"\" width=\"200\" height=\"300\" srcset=\"https:\/\/pinky-lounge.de\/wp-content\/uploads\/2024\/12\/IMG-20241217-WA0008-200x300.jpg 200w, https:\/\/pinky-lounge.de\/wp-content\/uploads\/2024\/12\/IMG-20241217-WA0008-684x1024.jpg 684w, https:\/\/pinky-lounge.de\/wp-content\/uploads\/2024\/12\/IMG-20241217-WA0008-768x1151.jpg 768w, https:\/\/pinky-lounge.de\/wp-content\/uploads\/2024\/12\/IMG-20241217-WA0008-1025x1536.jpg 1025w, https:\/\/pinky-lounge.de\/wp-content\/uploads\/2024\/12\/IMG-20241217-WA0008.jpg 1068w\" sizes=\"auto, (max-width: 200px) 100vw, 200px\" \/> <img loading=\"lazy\" decoding=\"async\" class=\"size-medium wp-image-8075 alignleft\" src=\"https:\/\/pinky-lounge.de\/wp-content\/uploads\/2024\/12\/IMG-20241217-WA0005-300x200.jpg\" alt=\"\" width=\"300\" height=\"200\" \/><img loading=\"lazy\" decoding=\"async\" class=\"size-medium wp-image-8506 alignleft\" src=\"https:\/\/pinky-lounge.de\/wp-content\/uploads\/2025\/02\/IMG-20250203-WA0048-300x200.jpg\" alt=\"\" width=\"300\" height=\"200\" srcset=\"https:\/\/pinky-lounge.de\/wp-content\/uploads\/2025\/02\/IMG-20250203-WA0048-300x200.jpg 300w, https:\/\/pinky-lounge.de\/wp-content\/uploads\/2025\/02\/IMG-20250203-WA0048-1024x683.jpg 1024w, https:\/\/pinky-lounge.de\/wp-content\/uploads\/2025\/02\/IMG-20250203-WA0048-768x512.jpg 768w, https:\/\/pinky-lounge.de\/wp-content\/uploads\/2025\/02\/IMG-20250203-WA0048-1536x1024.jpg 1536w, https:\/\/pinky-lounge.de\/wp-content\/uploads\/2025\/02\/IMG-20250203-WA0048.jpg 1600w\" sizes=\"auto, (max-width: 300px) 100vw, 300px\" \/><\/div>\n","protected":false},"excerpt":{"rendered":"<p>Extra Service Zungenk\u00fcssen K\u00f6rperbesamung EL Masturbation Dirty talk Face Sitting Lesbenshow mit L\u00fcba Sonderw\u00fcnsche auf Anfrage Badespa\u00df\/Duschspa\u00df Service auf Anfrage &nbsp;<\/p>\n","protected":false},"author":3,"featured_media":0,"parent":0,"menu_order":0,"comment_status":"closed","ping_status":"closed","template":"","meta":{"footnotes":""},"class_list":["post-7189","page","type-page","status-publish","hentry"],"yoast_head":"<!-- This site is optimized with the Yoast SEO plugin v27.4 - https:\/\/yoast.com\/product\/yoast-seo-wordpress\/ -->\n<title>Julia LV - Pinky Lounge<\/title>\n<meta name=\"robots\" content=\"index, follow, max-snippet:-1, max-image-preview:large, max-video-preview:-1\" \/>\n<link rel=\"canonical\" href=\"https:\/\/pinky-lounge.de\/?page_id=7189\" \/>\n<meta property=\"og:locale\" content=\"de_DE\" \/>\n<meta property=\"og:type\" content=\"article\" \/>\n<meta property=\"og:title\" content=\"Julia LV - Pinky Lounge\" \/>\n<meta property=\"og:description\" content=\"Extra Service Zungenk\u00fcssen K\u00f6rperbesamung EL Masturbation Dirty talk Face Sitting Lesbenshow mit L\u00fcba Sonderw\u00fcnsche auf Anfrage Badespa\u00df\/Duschspa\u00df Service auf Anfrage &nbsp;\" \/>\n<meta property=\"og:url\" content=\"https:\/\/pinky-lounge.de\/?page_id=7189\" \/>\n<meta property=\"og:site_name\" content=\"Pinky Lounge\" \/>\n<meta property=\"article:modified_time\" content=\"2026-02-20T12:13:08+00:00\" \/>\n<meta property=\"og:image\" content=\"https:\/\/pinky-lounge.de\/wp-content\/uploads\/2025\/02\/IMG-20250203-WA0046.jpg\" \/>\n\t<meta property=\"og:image:width\" content=\"1067\" \/>\n\t<meta property=\"og:image:height\" content=\"1600\" \/>\n\t<meta property=\"og:image:type\" content=\"image\/jpeg\" \/>\n<meta name=\"twitter:card\" content=\"summary_large_image\" \/>\n<meta name=\"twitter:label1\" content=\"Gesch\u00e4tzte Lesezeit\" \/>\n\t<meta name=\"twitter:data1\" content=\"4\u00a0Minuten\" \/>\n<script type=\"application\/ld+json\" class=\"yoast-schema-graph\">{\"@context\":\"https:\\\/\\\/schema.org\",\"@graph\":[{\"@type\":\"WebPage\",\"@id\":\"https:\\\/\\\/pinky-lounge.de\\\/?page_id=7189\",\"url\":\"https:\\\/\\\/pinky-lounge.de\\\/?page_id=7189\",\"name\":\"Julia LV - Pinky Lounge\",\"isPartOf\":{\"@id\":\"https:\\\/\\\/pinky-lounge.de\\\/#website\"},\"primaryImageOfPage\":{\"@id\":\"https:\\\/\\\/pinky-lounge.de\\\/?page_id=7189#primaryimage\"},\"image\":{\"@id\":\"https:\\\/\\\/pinky-lounge.de\\\/?page_id=7189#primaryimage\"},\"thumbnailUrl\":\"https:\\\/\\\/pinky-lounge.de\\\/wp-content\\\/uploads\\\/2025\\\/02\\\/IMG-20250203-WA0046-200x300.jpg\",\"datePublished\":\"2024-08-03T12:16:40+00:00\",\"dateModified\":\"2026-02-20T12:13:08+00:00\",\"breadcrumb\":{\"@id\":\"https:\\\/\\\/pinky-lounge.de\\\/?page_id=7189#breadcrumb\"},\"inLanguage\":\"de\",\"potentialAction\":[{\"@type\":\"ReadAction\",\"target\":[\"https:\\\/\\\/pinky-lounge.de\\\/?page_id=7189\"]}]},{\"@type\":\"ImageObject\",\"inLanguage\":\"de\",\"@id\":\"https:\\\/\\\/pinky-lounge.de\\\/?page_id=7189#primaryimage\",\"url\":\"https:\\\/\\\/pinky-lounge.de\\\/wp-content\\\/uploads\\\/2025\\\/02\\\/IMG-20250203-WA0046.jpg\",\"contentUrl\":\"https:\\\/\\\/pinky-lounge.de\\\/wp-content\\\/uploads\\\/2025\\\/02\\\/IMG-20250203-WA0046.jpg\",\"width\":1067,\"height\":1600},{\"@type\":\"BreadcrumbList\",\"@id\":\"https:\\\/\\\/pinky-lounge.de\\\/?page_id=7189#breadcrumb\",\"itemListElement\":[{\"@type\":\"ListItem\",\"position\":1,\"name\":\"Startseite\",\"item\":\"https:\\\/\\\/pinky-lounge.de\\\/\"},{\"@type\":\"ListItem\",\"position\":2,\"name\":\"Julia LV\"}]},{\"@type\":\"WebSite\",\"@id\":\"https:\\\/\\\/pinky-lounge.de\\\/#website\",\"url\":\"https:\\\/\\\/pinky-lounge.de\\\/\",\"name\":\"Pinky Lounge\",\"description\":\"\",\"potentialAction\":[{\"@type\":\"SearchAction\",\"target\":{\"@type\":\"EntryPoint\",\"urlTemplate\":\"https:\\\/\\\/pinky-lounge.de\\\/?s={search_term_string}\"},\"query-input\":{\"@type\":\"PropertyValueSpecification\",\"valueRequired\":true,\"valueName\":\"search_term_string\"}}],\"inLanguage\":\"de\"}]}<\/script>\n<!-- \/ Yoast SEO plugin. -->","yoast_head_json":{"title":"Julia LV - Pinky Lounge","robots":{"index":"index","follow":"follow","max-snippet":"max-snippet:-1","max-image-preview":"max-image-preview:large","max-video-preview":"max-video-preview:-1"},"canonical":"https:\/\/pinky-lounge.de\/?page_id=7189","og_locale":"de_DE","og_type":"article","og_title":"Julia LV - Pinky Lounge","og_description":"Extra Service Zungenk\u00fcssen K\u00f6rperbesamung EL Masturbation Dirty talk Face Sitting Lesbenshow mit L\u00fcba Sonderw\u00fcnsche auf Anfrage Badespa\u00df\/Duschspa\u00df Service auf Anfrage &nbsp;","og_url":"https:\/\/pinky-lounge.de\/?page_id=7189","og_site_name":"Pinky Lounge","article_modified_time":"2026-02-20T12:13:08+00:00","og_image":[{"width":1067,"height":1600,"url":"https:\/\/pinky-lounge.de\/wp-content\/uploads\/2025\/02\/IMG-20250203-WA0046.jpg","type":"image\/jpeg"}],"twitter_card":"summary_large_image","twitter_misc":{"Gesch\u00e4tzte Lesezeit":"4\u00a0Minuten"},"schema":{"@context":"https:\/\/schema.org","@graph":[{"@type":"WebPage","@id":"https:\/\/pinky-lounge.de\/?page_id=7189","url":"https:\/\/pinky-lounge.de\/?page_id=7189","name":"Julia LV - Pinky Lounge","isPartOf":{"@id":"https:\/\/pinky-lounge.de\/#website"},"primaryImageOfPage":{"@id":"https:\/\/pinky-lounge.de\/?page_id=7189#primaryimage"},"image":{"@id":"https:\/\/pinky-lounge.de\/?page_id=7189#primaryimage"},"thumbnailUrl":"https:\/\/pinky-lounge.de\/wp-content\/uploads\/2025\/02\/IMG-20250203-WA0046-200x300.jpg","datePublished":"2024-08-03T12:16:40+00:00","dateModified":"2026-02-20T12:13:08+00:00","breadcrumb":{"@id":"https:\/\/pinky-lounge.de\/?page_id=7189#breadcrumb"},"inLanguage":"de","potentialAction":[{"@type":"ReadAction","target":["https:\/\/pinky-lounge.de\/?page_id=7189"]}]},{"@type":"ImageObject","inLanguage":"de","@id":"https:\/\/pinky-lounge.de\/?page_id=7189#primaryimage","url":"https:\/\/pinky-lounge.de\/wp-content\/uploads\/2025\/02\/IMG-20250203-WA0046.jpg","contentUrl":"https:\/\/pinky-lounge.de\/wp-content\/uploads\/2025\/02\/IMG-20250203-WA0046.jpg","width":1067,"height":1600},{"@type":"BreadcrumbList","@id":"https:\/\/pinky-lounge.de\/?page_id=7189#breadcrumb","itemListElement":[{"@type":"ListItem","position":1,"name":"Startseite","item":"https:\/\/pinky-lounge.de\/"},{"@type":"ListItem","position":2,"name":"Julia LV"}]},{"@type":"WebSite","@id":"https:\/\/pinky-lounge.de\/#website","url":"https:\/\/pinky-lounge.de\/","name":"Pinky Lounge","description":"","potentialAction":[{"@type":"SearchAction","target":{"@type":"EntryPoint","urlTemplate":"https:\/\/pinky-lounge.de\/?s={search_term_string}"},"query-input":{"@type":"PropertyValueSpecification","valueRequired":true,"valueName":"search_term_string"}}],"inLanguage":"de"}]}},"_links":{"self":[{"href":"https:\/\/pinky-lounge.de\/index.php?rest_route=\/wp\/v2\/pages\/7189","targetHints":{"allow":["GET"]}}],"collection":[{"href":"https:\/\/pinky-lounge.de\/index.php?rest_route=\/wp\/v2\/pages"}],"about":[{"href":"https:\/\/pinky-lounge.de\/index.php?rest_route=\/wp\/v2\/types\/page"}],"author":[{"embeddable":true,"href":"https:\/\/pinky-lounge.de\/index.php?rest_route=\/wp\/v2\/users\/3"}],"replies":[{"embeddable":true,"href":"https:\/\/pinky-lounge.de\/index.php?rest_route=%2Fwp%2Fv2%2Fcomments&post=7189"}],"version-history":[{"count":18,"href":"https:\/\/pinky-lounge.de\/index.php?rest_route=\/wp\/v2\/pages\/7189\/revisions"}],"predecessor-version":[{"id":10687,"href":"https:\/\/pinky-lounge.de\/index.php?rest_route=\/wp\/v2\/pages\/7189\/revisions\/10687"}],"wp:attachment":[{"href":"https:\/\/pinky-lounge.de\/index.php?rest_route=%2Fwp%2Fv2%2Fmedia&parent=7189"}],"curies":[{"name":"wp","href":"https:\/\/api.w.org\/{rel}","templated":true}]}}