{"id":4633,"date":"2023-04-16T15:14:36","date_gmt":"2023-04-16T13:14:36","guid":{"rendered":"http:\/\/pinky-lounge.de\/?page_id=4633"},"modified":"2023-04-16T15:14:36","modified_gmt":"2023-04-16T13:14:36","slug":"oxana-3","status":"publish","type":"page","link":"https:\/\/pinky-lounge.de\/?page_id=4633","title":{"rendered":"Oxana"},"content":{"rendered":"<div>Meine Daten:<\/div>\n<div>Name: Oxana<\/div>\n<div>Alter: 27<\/div>\n<div>Gr\u00f6\u00dfe: 170<br \/>\nKF: 38<br \/>\nHaarfarbe: blond<br \/>\nHaarl\u00e4nge: Lang<br \/>\nOW: 80B<br \/>\nNationalit\u00e4t: Litauen<\/div>\n<div>Sprachen: Englisch,<br \/>\nFigur: Sexy<br \/>\nIntimbereich: Rasiert<\/div>\n<div><\/div>\n<div>Mein Service:<\/div>\n<div>GF6<\/div>\n<div>Fr.<br \/>\nKBes<br \/>\nHandentspannungFS<br \/>\nK\u00f6rperk\u00fcsse<br \/>\nSchmusen, Streicheln<br \/>\nErotische Massagen<br \/>\nBadespass \/ Duschspass<br \/>\nVielseitiger Service<br \/>\nDessous, Straps<br \/>\nHigh Heels, Stiefel<\/div>\n<div>69<\/p>\n<p>Sonderw\u00fcnsche auf Anfrage<br \/>\nPo-Massagen<br \/>\nHod. Mass.<br \/>\nZart und Hart<br \/>\naktiv \/ passiver Service<br \/>\nOhne gro\u00dfen Zeitdruck<br \/>\nFR beidseitig<br \/>\nSehr z\u00e4rtlich<br \/>\nVielseitiger Service von A-Z<br \/>\nK\u00f6rperbesamung<\/p><\/div>\n<div><\/div>\n<div><\/div>\n<div>Extra:<\/div>\n<div>Sonderw\u00fcnsche auf Anfrage<br \/>\nService auf Anfrage\n<\/div>\n<div><\/div>\n<div><img loading=\"lazy\" decoding=\"async\" class=\"alignnone size-medium wp-image-4634\" src=\"https:\/\/pinky-lounge.de\/wp-content\/uploads\/2023\/04\/IMG-20230414-WA0020-200x300.jpg\" alt=\"\" width=\"200\" height=\"300\" srcset=\"https:\/\/pinky-lounge.de\/wp-content\/uploads\/2023\/04\/IMG-20230414-WA0020-200x300.jpg 200w, https:\/\/pinky-lounge.de\/wp-content\/uploads\/2023\/04\/IMG-20230414-WA0020-682x1024.jpg 682w, https:\/\/pinky-lounge.de\/wp-content\/uploads\/2023\/04\/IMG-20230414-WA0020-768x1153.jpg 768w, https:\/\/pinky-lounge.de\/wp-content\/uploads\/2023\/04\/IMG-20230414-WA0020-1023x1536.jpg 1023w, https:\/\/pinky-lounge.de\/wp-content\/uploads\/2023\/04\/IMG-20230414-WA0020.jpg 1066w\" sizes=\"auto, (max-width: 200px) 100vw, 200px\" \/> <img loading=\"lazy\" decoding=\"async\" class=\"alignnone size-medium wp-image-4635\" src=\"https:\/\/pinky-lounge.de\/wp-content\/uploads\/2023\/04\/IMG-20230414-WA0021-183x300.jpg\" alt=\"\" width=\"183\" height=\"300\" srcset=\"https:\/\/pinky-lounge.de\/wp-content\/uploads\/2023\/04\/IMG-20230414-WA0021-183x300.jpg 183w, https:\/\/pinky-lounge.de\/wp-content\/uploads\/2023\/04\/IMG-20230414-WA0021-625x1024.jpg 625w, https:\/\/pinky-lounge.de\/wp-content\/uploads\/2023\/04\/IMG-20230414-WA0021-768x1259.jpg 768w, https:\/\/pinky-lounge.de\/wp-content\/uploads\/2023\/04\/IMG-20230414-WA0021-937x1536.jpg 937w, https:\/\/pinky-lounge.de\/wp-content\/uploads\/2023\/04\/IMG-20230414-WA0021.jpg 976w\" sizes=\"auto, (max-width: 183px) 100vw, 183px\" \/> <img loading=\"lazy\" decoding=\"async\" class=\"alignnone size-medium wp-image-4636\" src=\"https:\/\/pinky-lounge.de\/wp-content\/uploads\/2023\/04\/IMG-20230414-WA0015-216x300.jpg\" alt=\"\" width=\"216\" height=\"300\" srcset=\"https:\/\/pinky-lounge.de\/wp-content\/uploads\/2023\/04\/IMG-20230414-WA0015-216x300.jpg 216w, https:\/\/pinky-lounge.de\/wp-content\/uploads\/2023\/04\/IMG-20230414-WA0015-739x1024.jpg 739w, https:\/\/pinky-lounge.de\/wp-content\/uploads\/2023\/04\/IMG-20230414-WA0015-768x1065.jpg 768w, https:\/\/pinky-lounge.de\/wp-content\/uploads\/2023\/04\/IMG-20230414-WA0015-1108x1536.jpg 1108w, https:\/\/pinky-lounge.de\/wp-content\/uploads\/2023\/04\/IMG-20230414-WA0015.jpg 1154w\" sizes=\"auto, (max-width: 216px) 100vw, 216px\" \/><\/div>\n","protected":false},"excerpt":{"rendered":"<p>Meine Daten: Name: Oxana Alter: 27 Gr\u00f6\u00dfe: 170 KF: 38 Haarfarbe: blond Haarl\u00e4nge: Lang OW: 80B Nationalit\u00e4t: Litauen Sprachen: Englisch, Figur: Sexy Intimbereich: Rasiert Mein Service: GF6 Fr. KBes HandentspannungFS K\u00f6rperk\u00fcsse Schmusen, Streicheln Erotische Massagen Badespass \/ Duschspass Vielseitiger Service Dessous, Straps High Heels, Stiefel 69 Sonderw\u00fcnsche auf Anfrage Po-Massagen Hod. Mass. Zart und Hart [&hellip;]<\/p>\n","protected":false},"author":2,"featured_media":0,"parent":0,"menu_order":0,"comment_status":"closed","ping_status":"closed","template":"","meta":{"footnotes":""},"class_list":["post-4633","page","type-page","status-publish","hentry"],"yoast_head":"<!-- This site is optimized with the Yoast SEO plugin v27.3 - https:\/\/yoast.com\/product\/yoast-seo-wordpress\/ -->\n<title>Oxana - Pinky Lounge<\/title>\n<meta name=\"robots\" content=\"index, follow, max-snippet:-1, max-image-preview:large, max-video-preview:-1\" \/>\n<link rel=\"canonical\" href=\"https:\/\/pinky-lounge.de\/?page_id=4633\" \/>\n<meta property=\"og:locale\" content=\"de_DE\" \/>\n<meta property=\"og:type\" content=\"article\" \/>\n<meta property=\"og:title\" content=\"Oxana - Pinky Lounge\" \/>\n<meta property=\"og:description\" content=\"Meine Daten: Name: Oxana Alter: 27 Gr\u00f6\u00dfe: 170 KF: 38 Haarfarbe: blond Haarl\u00e4nge: Lang OW: 80B Nationalit\u00e4t: Litauen Sprachen: Englisch, Figur: Sexy Intimbereich: Rasiert Mein Service: GF6 Fr. KBes HandentspannungFS K\u00f6rperk\u00fcsse Schmusen, Streicheln Erotische Massagen Badespass \/ Duschspass Vielseitiger Service Dessous, Straps High Heels, Stiefel 69 Sonderw\u00fcnsche auf Anfrage Po-Massagen Hod. Mass. Zart und Hart [&hellip;]\" \/>\n<meta property=\"og:url\" content=\"https:\/\/pinky-lounge.de\/?page_id=4633\" \/>\n<meta property=\"og:site_name\" content=\"Pinky Lounge\" \/>\n<meta property=\"og:image\" content=\"http:\/\/pinky-lounge.de\/wp-content\/uploads\/2023\/04\/IMG-20230414-WA0020-200x300.jpg\" \/>\n<meta name=\"twitter:card\" content=\"summary_large_image\" \/>\n<script type=\"application\/ld+json\" class=\"yoast-schema-graph\">{\"@context\":\"https:\\\/\\\/schema.org\",\"@graph\":[{\"@type\":\"WebPage\",\"@id\":\"https:\\\/\\\/pinky-lounge.de\\\/?page_id=4633\",\"url\":\"https:\\\/\\\/pinky-lounge.de\\\/?page_id=4633\",\"name\":\"Oxana - Pinky Lounge\",\"isPartOf\":{\"@id\":\"https:\\\/\\\/pinky-lounge.de\\\/#website\"},\"primaryImageOfPage\":{\"@id\":\"https:\\\/\\\/pinky-lounge.de\\\/?page_id=4633#primaryimage\"},\"image\":{\"@id\":\"https:\\\/\\\/pinky-lounge.de\\\/?page_id=4633#primaryimage\"},\"thumbnailUrl\":\"http:\\\/\\\/pinky-lounge.de\\\/wp-content\\\/uploads\\\/2023\\\/04\\\/IMG-20230414-WA0020-200x300.jpg\",\"datePublished\":\"2023-04-16T13:14:36+00:00\",\"breadcrumb\":{\"@id\":\"https:\\\/\\\/pinky-lounge.de\\\/?page_id=4633#breadcrumb\"},\"inLanguage\":\"de\",\"potentialAction\":[{\"@type\":\"ReadAction\",\"target\":[\"https:\\\/\\\/pinky-lounge.de\\\/?page_id=4633\"]}]},{\"@type\":\"ImageObject\",\"inLanguage\":\"de\",\"@id\":\"https:\\\/\\\/pinky-lounge.de\\\/?page_id=4633#primaryimage\",\"url\":\"https:\\\/\\\/pinky-lounge.de\\\/wp-content\\\/uploads\\\/2023\\\/04\\\/IMG-20230414-WA0020.jpg\",\"contentUrl\":\"https:\\\/\\\/pinky-lounge.de\\\/wp-content\\\/uploads\\\/2023\\\/04\\\/IMG-20230414-WA0020.jpg\",\"width\":1066,\"height\":1600},{\"@type\":\"BreadcrumbList\",\"@id\":\"https:\\\/\\\/pinky-lounge.de\\\/?page_id=4633#breadcrumb\",\"itemListElement\":[{\"@type\":\"ListItem\",\"position\":1,\"name\":\"Startseite\",\"item\":\"https:\\\/\\\/pinky-lounge.de\\\/\"},{\"@type\":\"ListItem\",\"position\":2,\"name\":\"Oxana\"}]},{\"@type\":\"WebSite\",\"@id\":\"https:\\\/\\\/pinky-lounge.de\\\/#website\",\"url\":\"https:\\\/\\\/pinky-lounge.de\\\/\",\"name\":\"Pinky Lounge\",\"description\":\"\",\"potentialAction\":[{\"@type\":\"SearchAction\",\"target\":{\"@type\":\"EntryPoint\",\"urlTemplate\":\"https:\\\/\\\/pinky-lounge.de\\\/?s={search_term_string}\"},\"query-input\":{\"@type\":\"PropertyValueSpecification\",\"valueRequired\":true,\"valueName\":\"search_term_string\"}}],\"inLanguage\":\"de\"}]}<\/script>\n<!-- \/ Yoast SEO plugin. -->","yoast_head_json":{"title":"Oxana - Pinky Lounge","robots":{"index":"index","follow":"follow","max-snippet":"max-snippet:-1","max-image-preview":"max-image-preview:large","max-video-preview":"max-video-preview:-1"},"canonical":"https:\/\/pinky-lounge.de\/?page_id=4633","og_locale":"de_DE","og_type":"article","og_title":"Oxana - Pinky Lounge","og_description":"Meine Daten: Name: Oxana Alter: 27 Gr\u00f6\u00dfe: 170 KF: 38 Haarfarbe: blond Haarl\u00e4nge: Lang OW: 80B Nationalit\u00e4t: Litauen Sprachen: Englisch, Figur: Sexy Intimbereich: Rasiert Mein Service: GF6 Fr. KBes HandentspannungFS K\u00f6rperk\u00fcsse Schmusen, Streicheln Erotische Massagen Badespass \/ Duschspass Vielseitiger Service Dessous, Straps High Heels, Stiefel 69 Sonderw\u00fcnsche auf Anfrage Po-Massagen Hod. Mass. Zart und Hart [&hellip;]","og_url":"https:\/\/pinky-lounge.de\/?page_id=4633","og_site_name":"Pinky Lounge","og_image":[{"url":"http:\/\/pinky-lounge.de\/wp-content\/uploads\/2023\/04\/IMG-20230414-WA0020-200x300.jpg","type":"","width":"","height":""}],"twitter_card":"summary_large_image","schema":{"@context":"https:\/\/schema.org","@graph":[{"@type":"WebPage","@id":"https:\/\/pinky-lounge.de\/?page_id=4633","url":"https:\/\/pinky-lounge.de\/?page_id=4633","name":"Oxana - Pinky Lounge","isPartOf":{"@id":"https:\/\/pinky-lounge.de\/#website"},"primaryImageOfPage":{"@id":"https:\/\/pinky-lounge.de\/?page_id=4633#primaryimage"},"image":{"@id":"https:\/\/pinky-lounge.de\/?page_id=4633#primaryimage"},"thumbnailUrl":"http:\/\/pinky-lounge.de\/wp-content\/uploads\/2023\/04\/IMG-20230414-WA0020-200x300.jpg","datePublished":"2023-04-16T13:14:36+00:00","breadcrumb":{"@id":"https:\/\/pinky-lounge.de\/?page_id=4633#breadcrumb"},"inLanguage":"de","potentialAction":[{"@type":"ReadAction","target":["https:\/\/pinky-lounge.de\/?page_id=4633"]}]},{"@type":"ImageObject","inLanguage":"de","@id":"https:\/\/pinky-lounge.de\/?page_id=4633#primaryimage","url":"https:\/\/pinky-lounge.de\/wp-content\/uploads\/2023\/04\/IMG-20230414-WA0020.jpg","contentUrl":"https:\/\/pinky-lounge.de\/wp-content\/uploads\/2023\/04\/IMG-20230414-WA0020.jpg","width":1066,"height":1600},{"@type":"BreadcrumbList","@id":"https:\/\/pinky-lounge.de\/?page_id=4633#breadcrumb","itemListElement":[{"@type":"ListItem","position":1,"name":"Startseite","item":"https:\/\/pinky-lounge.de\/"},{"@type":"ListItem","position":2,"name":"Oxana"}]},{"@type":"WebSite","@id":"https:\/\/pinky-lounge.de\/#website","url":"https:\/\/pinky-lounge.de\/","name":"Pinky Lounge","description":"","potentialAction":[{"@type":"SearchAction","target":{"@type":"EntryPoint","urlTemplate":"https:\/\/pinky-lounge.de\/?s={search_term_string}"},"query-input":{"@type":"PropertyValueSpecification","valueRequired":true,"valueName":"search_term_string"}}],"inLanguage":"de"}]}},"_links":{"self":[{"href":"https:\/\/pinky-lounge.de\/index.php?rest_route=\/wp\/v2\/pages\/4633","targetHints":{"allow":["GET"]}}],"collection":[{"href":"https:\/\/pinky-lounge.de\/index.php?rest_route=\/wp\/v2\/pages"}],"about":[{"href":"https:\/\/pinky-lounge.de\/index.php?rest_route=\/wp\/v2\/types\/page"}],"author":[{"embeddable":true,"href":"https:\/\/pinky-lounge.de\/index.php?rest_route=\/wp\/v2\/users\/2"}],"replies":[{"embeddable":true,"href":"https:\/\/pinky-lounge.de\/index.php?rest_route=%2Fwp%2Fv2%2Fcomments&post=4633"}],"version-history":[{"count":1,"href":"https:\/\/pinky-lounge.de\/index.php?rest_route=\/wp\/v2\/pages\/4633\/revisions"}],"predecessor-version":[{"id":4637,"href":"https:\/\/pinky-lounge.de\/index.php?rest_route=\/wp\/v2\/pages\/4633\/revisions\/4637"}],"wp:attachment":[{"href":"https:\/\/pinky-lounge.de\/index.php?rest_route=%2Fwp%2Fv2%2Fmedia&parent=4633"}],"curies":[{"name":"wp","href":"https:\/\/api.w.org\/{rel}","templated":true}]}}